{"id":21,"date":"2024-06-19T22:49:23","date_gmt":"2024-06-19T20:49:23","guid":{"rendered":"https:\/\/poslovniservis.wordpress.com\/?page_id=15"},"modified":"2024-06-26T22:42:20","modified_gmt":"2024-06-26T22:42:20","slug":"shop","status":"publish","type":"page","link":"https:\/\/poslovniservis.com\/index.php\/shop\/","title":{"rendered":"Shop"},"content":{"rendered":"\n<p><\/p>\n\n\n\n<div class=\"wp-block-group alignfull has-global-padding is-content-justification-center is-layout-constrained wp-container-core-group-is-layout-df757ecc wp-block-group-is-layout-constrained\" style=\"margin-top:0;margin-bottom:0;padding-top:calc( 0.5 * var(--wp--style--root--padding-right, var(--wp--custom--gap--horizontal)));padding-right:var(--wp--style--root--padding-right, var(--wp--custom--gap--horizontal));padding-bottom:calc( 0.5 * var(--wp--style--root--padding-right, var(--wp--custom--gap--horizontal)));padding-left:var(--wp--style--root--padding-left, var(--wp--custom--gap--horizontal))\">\n<div style=\"height:calc( 0.25 * var(--wp--style--root--padding-right, var(--wp--custom--gap--horizontal)))\" aria-hidden=\"true\" class=\"wp-block-spacer\"><\/div>\n\n\n\n<h2 class=\"wp-block-heading alignwide has-body-font-family\"><strong>Uredski namje\u0161taj<\/strong><\/h2>\n\n\n\n<div style=\"height:var(--wp--preset--spacing--20)\" aria-hidden=\"true\" class=\"wp-block-spacer\"><\/div>\n\n\n\n<div class=\"wp-block-columns alignwide is-layout-flex wp-container-core-columns-is-layout-d0846407 wp-block-columns-is-layout-flex\">\n<div class=\"wp-block-column is-layout-flow wp-block-column-is-layout-flow\">\n<figure class=\"wp-block-image size-full\"><img decoding=\"async\" src=\"https:\/\/dotcompatterns.files.wordpress.com\/2024\/01\/paint-tall-alt.jpg\" alt=\"\" class=\"wp-image-13707\" style=\"aspect-ratio:1;object-fit:cover\"\/><\/figure>\n\n\n\n<div style=\"height:0px\" aria-hidden=\"true\" class=\"wp-block-spacer\"><\/div>\n\n\n\n<h3 class=\"wp-block-heading has-body-font-family has-medium-font-size\"><strong>Firma d.o.o.<\/strong><\/h3>\n\n\n\n<p class=\"has-contrast-3-color has-text-color has-link-color has-small-font-size wp-elements-1f69164d15d98a0dab5f0d5fc9a1ad9b\" style=\"margin-top:0\">saznaj vi\u0161e<\/p>\n<\/div>\n\n\n\n<div class=\"wp-block-column is-layout-flow wp-block-column-is-layout-flow\">\n<figure class=\"wp-block-image size-full\"><img decoding=\"async\" src=\"https:\/\/dotcompatterns.files.wordpress.com\/2024\/01\/paint-tall.jpg\" alt=\"\" class=\"wp-image-13699\" style=\"aspect-ratio:1;object-fit:cover\"\/><\/figure>\n\n\n\n<div style=\"height:0\" aria-hidden=\"true\" class=\"wp-block-spacer\"><\/div>\n\n\n\n<h3 class=\"wp-block-heading has-body-font-family has-medium-font-size\"><strong>Firma d.o.o.<\/strong><\/h3>\n\n\n\n<p class=\"has-contrast-3-color has-text-color has-link-color has-small-font-size wp-elements-1f69164d15d98a0dab5f0d5fc9a1ad9b\" style=\"margin-top:0\">saznaj vi\u0161e<\/p>\n<\/div>\n\n\n\n<div class=\"wp-block-column is-layout-flow wp-block-column-is-layout-flow\">\n<figure class=\"wp-block-image size-full\"><img decoding=\"async\" src=\"https:\/\/dotcompatterns.files.wordpress.com\/2024\/01\/paint-tall-alt.jpg\" alt=\"\" class=\"wp-image-13707\" style=\"aspect-ratio:1;object-fit:cover\"\/><\/figure>\n\n\n\n<div style=\"height:0px\" aria-hidden=\"true\" class=\"wp-block-spacer\"><\/div>\n\n\n\n<h3 class=\"wp-block-heading has-body-font-family has-medium-font-size\"><strong>Firma d.o.o.<\/strong><\/h3>\n\n\n\n<p class=\"has-contrast-3-color has-text-color has-link-color has-small-font-size wp-elements-1f69164d15d98a0dab5f0d5fc9a1ad9b\" style=\"margin-top:0\">saznaj vi\u0161e<\/p>\n<\/div>\n\n\n\n<div class=\"wp-block-column is-layout-flow wp-block-column-is-layout-flow\">\n<figure class=\"wp-block-image size-full\"><img decoding=\"async\" src=\"https:\/\/dotcompatterns.files.wordpress.com\/2024\/01\/paint-tall.jpg\" alt=\"\" class=\"wp-image-13699\" style=\"aspect-ratio:1;object-fit:cover\"\/><\/figure>\n\n\n\n<div style=\"height:0px\" aria-hidden=\"true\" class=\"wp-block-spacer\"><\/div>\n\n\n\n<h3 class=\"wp-block-heading has-body-font-family has-medium-font-size\"><strong>Firma d.o.o.<\/strong><\/h3>\n\n\n\n<p class=\"has-contrast-3-color has-text-color has-link-color has-small-font-size wp-elements-1f69164d15d98a0dab5f0d5fc9a1ad9b\" style=\"margin-top:0\">saznaj vi\u0161e<\/p>\n<\/div>\n<\/div>\n\n\n\n<div style=\"height:calc( 0.25 * var(--wp--style--root--padding-right, var(--wp--custom--gap--horizontal)))\" aria-hidden=\"true\" class=\"wp-block-spacer\"><\/div>\n<\/div>\n\n\n\n<div class=\"wp-block-group alignfull has-global-padding is-content-justification-center is-layout-constrained wp-container-core-group-is-layout-df757ecc wp-block-group-is-layout-constrained\" style=\"margin-top:0;margin-bottom:0;padding-top:calc( 0.5 * var(--wp--style--root--padding-right, var(--wp--custom--gap--horizontal)));padding-right:var(--wp--style--root--padding-right, var(--wp--custom--gap--horizontal));padding-bottom:calc( 0.5 * var(--wp--style--root--padding-right, var(--wp--custom--gap--horizontal)));padding-left:var(--wp--style--root--padding-left, var(--wp--custom--gap--horizontal))\">\n<h2 class=\"wp-block-heading alignwide has-body-font-family\"><strong>Uredski namje\u0161taj<\/strong><\/h2>\n\n\n\n<div style=\"height:var(--wp--preset--spacing--20)\" aria-hidden=\"true\" class=\"wp-block-spacer\"><\/div>\n\n\n\n<div class=\"wp-block-columns alignwide is-layout-flex wp-container-core-columns-is-layout-d0846407 wp-block-columns-is-layout-flex\">\n<div class=\"wp-block-column is-layout-flow wp-block-column-is-layout-flow\">\n<figure class=\"wp-block-image size-full\"><img decoding=\"async\" src=\"https:\/\/dotcompatterns.files.wordpress.com\/2024\/01\/paint-tall-alt.jpg\" alt=\"\" class=\"wp-image-13707\" style=\"aspect-ratio:1;object-fit:cover\"\/><\/figure>\n\n\n\n<div style=\"height:0px\" aria-hidden=\"true\" class=\"wp-block-spacer\"><\/div>\n\n\n\n<h3 class=\"wp-block-heading has-body-font-family has-medium-font-size\"><strong>Firma d.o.o.<\/strong><\/h3>\n\n\n\n<p class=\"has-contrast-3-color has-text-color has-link-color has-small-font-size wp-elements-1f69164d15d98a0dab5f0d5fc9a1ad9b\" style=\"margin-top:0\">saznaj vi\u0161e<\/p>\n<\/div>\n\n\n\n<div class=\"wp-block-column is-layout-flow wp-block-column-is-layout-flow\">\n<figure class=\"wp-block-image size-full\"><img decoding=\"async\" src=\"https:\/\/dotcompatterns.files.wordpress.com\/2024\/01\/paint-tall.jpg\" alt=\"\" class=\"wp-image-13699\" style=\"aspect-ratio:1;object-fit:cover\"\/><\/figure>\n\n\n\n<div style=\"height:0\" aria-hidden=\"true\" class=\"wp-block-spacer\"><\/div>\n\n\n\n<h3 class=\"wp-block-heading has-body-font-family has-medium-font-size\"><strong>Firma d.o.o.<\/strong><\/h3>\n\n\n\n<p class=\"has-contrast-3-color has-text-color has-link-color has-small-font-size wp-elements-1f69164d15d98a0dab5f0d5fc9a1ad9b\" style=\"margin-top:0\">saznaj vi\u0161e<\/p>\n<\/div>\n\n\n\n<div class=\"wp-block-column is-layout-flow wp-block-column-is-layout-flow\">\n<figure class=\"wp-block-image size-full\"><img decoding=\"async\" src=\"https:\/\/dotcompatterns.files.wordpress.com\/2024\/01\/paint-tall-alt.jpg\" alt=\"\" class=\"wp-image-13707\" style=\"aspect-ratio:1;object-fit:cover\"\/><\/figure>\n\n\n\n<div style=\"height:0px\" aria-hidden=\"true\" class=\"wp-block-spacer\"><\/div>\n\n\n\n<h3 class=\"wp-block-heading has-body-font-family has-medium-font-size\"><strong>Firma d.o.o.<\/strong><\/h3>\n\n\n\n<p class=\"has-contrast-3-color has-text-color has-link-color has-small-font-size wp-elements-1f69164d15d98a0dab5f0d5fc9a1ad9b\" style=\"margin-top:0\">saznaj vi\u0161e<\/p>\n<\/div>\n\n\n\n<div class=\"wp-block-column is-layout-flow wp-block-column-is-layout-flow\">\n<figure class=\"wp-block-image size-full\"><img decoding=\"async\" src=\"https:\/\/dotcompatterns.files.wordpress.com\/2024\/01\/paint-tall.jpg\" alt=\"\" class=\"wp-image-13699\" style=\"aspect-ratio:1;object-fit:cover\"\/><\/figure>\n\n\n\n<div style=\"height:0px\" aria-hidden=\"true\" class=\"wp-block-spacer\"><\/div>\n\n\n\n<h3 class=\"wp-block-heading has-body-font-family has-medium-font-size\"><strong>Firma d.o.o.<\/strong><\/h3>\n\n\n\n<p class=\"has-contrast-3-color has-text-color has-link-color has-small-font-size wp-elements-1f69164d15d98a0dab5f0d5fc9a1ad9b\" style=\"margin-top:0\">saznaj vi\u0161e<\/p>\n<\/div>\n<\/div>\n\n\n\n<div style=\"height:calc( 0.25 * var(--wp--style--root--padding-right, var(--wp--custom--gap--horizontal)))\" aria-hidden=\"true\" class=\"wp-block-spacer\"><\/div>\n<\/div>\n\n\n\n<p><\/p>\n","protected":false},"excerpt":{"rendered":"<p>Uredski namje\u0161taj Firma d.o.o. saznaj vi\u0161e Firma d.o.o. saznaj vi\u0161e Firma d.o.o. saznaj vi\u0161e Firma d.o.o. saznaj vi\u0161e Uredski namje\u0161taj Firma d.o.o. saznaj vi\u0161e Firma d.o.o. saznaj vi\u0161e Firma d.o.o. saznaj vi\u0161e Firma d.o.o. saznaj vi\u0161e<\/p>\n","protected":false},"author":1,"featured_media":0,"parent":0,"menu_order":0,"comment_status":"closed","ping_status":"closed","template":"page-no-title","meta":{"footnotes":""},"class_list":["post-21","page","type-page","status-publish","hentry"],"yoast_head":"<!-- This site is optimized with the Yoast SEO plugin v22.9 - https:\/\/yoast.com\/wordpress\/plugins\/seo\/ -->\n<title>Shop - Poslovni servis<\/title>\n<meta name=\"robots\" content=\"index, follow, max-snippet:-1, max-image-preview:large, max-video-preview:-1\" \/>\n<link rel=\"canonical\" href=\"https:\/\/poslovniservis.com\/index.php\/shop\/\" \/>\n<meta property=\"og:locale\" content=\"hr_HR\" \/>\n<meta property=\"og:type\" content=\"article\" \/>\n<meta property=\"og:title\" content=\"Shop - Poslovni servis\" \/>\n<meta property=\"og:description\" content=\"Uredski namje\u0161taj Firma d.o.o. saznaj vi\u0161e Firma d.o.o. saznaj vi\u0161e Firma d.o.o. saznaj vi\u0161e Firma d.o.o. saznaj vi\u0161e Uredski namje\u0161taj Firma d.o.o. saznaj vi\u0161e Firma d.o.o. saznaj vi\u0161e Firma d.o.o. saznaj vi\u0161e Firma d.o.o. saznaj vi\u0161e\" \/>\n<meta property=\"og:url\" content=\"https:\/\/poslovniservis.com\/index.php\/shop\/\" \/>\n<meta property=\"og:site_name\" content=\"Poslovni servis\" \/>\n<meta property=\"article:modified_time\" content=\"2024-06-26T22:42:20+00:00\" \/>\n<meta property=\"og:image\" content=\"https:\/\/dotcompatterns.files.wordpress.com\/2024\/01\/paint-tall-alt.jpg\" \/>\n<meta name=\"twitter:card\" content=\"summary_large_image\" \/>\n<script type=\"application\/ld+json\" class=\"yoast-schema-graph\">{\"@context\":\"https:\/\/schema.org\",\"@graph\":[{\"@type\":\"WebPage\",\"@id\":\"https:\/\/poslovniservis.com\/index.php\/shop\/\",\"url\":\"https:\/\/poslovniservis.com\/index.php\/shop\/\",\"name\":\"Shop - Poslovni servis\",\"isPartOf\":{\"@id\":\"https:\/\/poslovniservis.com\/#website\"},\"primaryImageOfPage\":{\"@id\":\"https:\/\/poslovniservis.com\/index.php\/shop\/#primaryimage\"},\"image\":{\"@id\":\"https:\/\/poslovniservis.com\/index.php\/shop\/#primaryimage\"},\"thumbnailUrl\":\"https:\/\/dotcompatterns.files.wordpress.com\/2024\/01\/paint-tall-alt.jpg\",\"datePublished\":\"2024-06-19T20:49:23+00:00\",\"dateModified\":\"2024-06-26T22:42:20+00:00\",\"breadcrumb\":{\"@id\":\"https:\/\/poslovniservis.com\/index.php\/shop\/#breadcrumb\"},\"inLanguage\":\"hr\",\"potentialAction\":[{\"@type\":\"ReadAction\",\"target\":[\"https:\/\/poslovniservis.com\/index.php\/shop\/\"]}]},{\"@type\":\"ImageObject\",\"inLanguage\":\"hr\",\"@id\":\"https:\/\/poslovniservis.com\/index.php\/shop\/#primaryimage\",\"url\":\"https:\/\/dotcompatterns.files.wordpress.com\/2024\/01\/paint-tall-alt.jpg\",\"contentUrl\":\"https:\/\/dotcompatterns.files.wordpress.com\/2024\/01\/paint-tall-alt.jpg\"},{\"@type\":\"BreadcrumbList\",\"@id\":\"https:\/\/poslovniservis.com\/index.php\/shop\/#breadcrumb\",\"itemListElement\":[{\"@type\":\"ListItem\",\"position\":1,\"name\":\"Po\u010detna stranica\",\"item\":\"https:\/\/poslovniservis.com\/\"},{\"@type\":\"ListItem\",\"position\":2,\"name\":\"Shop\"}]},{\"@type\":\"WebSite\",\"@id\":\"https:\/\/poslovniservis.com\/#website\",\"url\":\"https:\/\/poslovniservis.com\/\",\"name\":\"Poslovni servis\",\"description\":\"\",\"potentialAction\":[{\"@type\":\"SearchAction\",\"target\":{\"@type\":\"EntryPoint\",\"urlTemplate\":\"https:\/\/poslovniservis.com\/?s={search_term_string}\"},\"query-input\":\"required name=search_term_string\"}],\"inLanguage\":\"hr\"}]}<\/script>\n<!-- \/ Yoast SEO plugin. -->","yoast_head_json":{"title":"Shop - Poslovni servis","robots":{"index":"index","follow":"follow","max-snippet":"max-snippet:-1","max-image-preview":"max-image-preview:large","max-video-preview":"max-video-preview:-1"},"canonical":"https:\/\/poslovniservis.com\/index.php\/shop\/","og_locale":"hr_HR","og_type":"article","og_title":"Shop - Poslovni servis","og_description":"Uredski namje\u0161taj Firma d.o.o. saznaj vi\u0161e Firma d.o.o. saznaj vi\u0161e Firma d.o.o. saznaj vi\u0161e Firma d.o.o. saznaj vi\u0161e Uredski namje\u0161taj Firma d.o.o. saznaj vi\u0161e Firma d.o.o. saznaj vi\u0161e Firma d.o.o. saznaj vi\u0161e Firma d.o.o. saznaj vi\u0161e","og_url":"https:\/\/poslovniservis.com\/index.php\/shop\/","og_site_name":"Poslovni servis","article_modified_time":"2024-06-26T22:42:20+00:00","og_image":[{"url":"https:\/\/dotcompatterns.files.wordpress.com\/2024\/01\/paint-tall-alt.jpg"}],"twitter_card":"summary_large_image","schema":{"@context":"https:\/\/schema.org","@graph":[{"@type":"WebPage","@id":"https:\/\/poslovniservis.com\/index.php\/shop\/","url":"https:\/\/poslovniservis.com\/index.php\/shop\/","name":"Shop - Poslovni servis","isPartOf":{"@id":"https:\/\/poslovniservis.com\/#website"},"primaryImageOfPage":{"@id":"https:\/\/poslovniservis.com\/index.php\/shop\/#primaryimage"},"image":{"@id":"https:\/\/poslovniservis.com\/index.php\/shop\/#primaryimage"},"thumbnailUrl":"https:\/\/dotcompatterns.files.wordpress.com\/2024\/01\/paint-tall-alt.jpg","datePublished":"2024-06-19T20:49:23+00:00","dateModified":"2024-06-26T22:42:20+00:00","breadcrumb":{"@id":"https:\/\/poslovniservis.com\/index.php\/shop\/#breadcrumb"},"inLanguage":"hr","potentialAction":[{"@type":"ReadAction","target":["https:\/\/poslovniservis.com\/index.php\/shop\/"]}]},{"@type":"ImageObject","inLanguage":"hr","@id":"https:\/\/poslovniservis.com\/index.php\/shop\/#primaryimage","url":"https:\/\/dotcompatterns.files.wordpress.com\/2024\/01\/paint-tall-alt.jpg","contentUrl":"https:\/\/dotcompatterns.files.wordpress.com\/2024\/01\/paint-tall-alt.jpg"},{"@type":"BreadcrumbList","@id":"https:\/\/poslovniservis.com\/index.php\/shop\/#breadcrumb","itemListElement":[{"@type":"ListItem","position":1,"name":"Po\u010detna stranica","item":"https:\/\/poslovniservis.com\/"},{"@type":"ListItem","position":2,"name":"Shop"}]},{"@type":"WebSite","@id":"https:\/\/poslovniservis.com\/#website","url":"https:\/\/poslovniservis.com\/","name":"Poslovni servis","description":"","potentialAction":[{"@type":"SearchAction","target":{"@type":"EntryPoint","urlTemplate":"https:\/\/poslovniservis.com\/?s={search_term_string}"},"query-input":"required name=search_term_string"}],"inLanguage":"hr"}]}},"_links":{"self":[{"href":"https:\/\/poslovniservis.com\/index.php\/wp-json\/wp\/v2\/pages\/21","targetHints":{"allow":["GET"]}}],"collection":[{"href":"https:\/\/poslovniservis.com\/index.php\/wp-json\/wp\/v2\/pages"}],"about":[{"href":"https:\/\/poslovniservis.com\/index.php\/wp-json\/wp\/v2\/types\/page"}],"author":[{"embeddable":true,"href":"https:\/\/poslovniservis.com\/index.php\/wp-json\/wp\/v2\/users\/1"}],"replies":[{"embeddable":true,"href":"https:\/\/poslovniservis.com\/index.php\/wp-json\/wp\/v2\/comments?post=21"}],"version-history":[{"count":1,"href":"https:\/\/poslovniservis.com\/index.php\/wp-json\/wp\/v2\/pages\/21\/revisions"}],"predecessor-version":[{"id":134,"href":"https:\/\/poslovniservis.com\/index.php\/wp-json\/wp\/v2\/pages\/21\/revisions\/134"}],"wp:attachment":[{"href":"https:\/\/poslovniservis.com\/index.php\/wp-json\/wp\/v2\/media?parent=21"}],"curies":[{"name":"wp","href":"https:\/\/api.w.org\/{rel}","templated":true}]}}